{"id":496,"date":"2021-08-10T16:00:36","date_gmt":"2021-08-10T16:00:36","guid":{"rendered":"https:\/\/fdp-nordenham.de\/?page_id=496"},"modified":"2021-12-17T07:47:00","modified_gmt":"2021-12-17T07:47:00","slug":"datenschutz","status":"publish","type":"page","link":"https:\/\/fdp-nordenham.de\/index.php\/datenschutz\/","title":{"rendered":"Datenschutz"},"content":{"rendered":"\n<h1 class=\"wp-block-heading\"><strong>Datenschutzerkl\u00e4rung<\/strong><\/h1>\n\n\n\n<ul class=\"wp-block-list\"><li><a href=\"http:\/\/web.archive.org\/web\/20210124045902\/http:\/\/fdp-nordenham.de\/datenschutz\/#_Toc512600799\"><strong>1 Verantwortlicher, Datenschutzbeauftragter, Auftragsverarbeiter<\/strong>&nbsp;<\/a><\/li><li><a href=\"http:\/\/web.archive.org\/web\/20210124045902\/http:\/\/fdp-nordenham.de\/datenschutz\/#_Toc512600800\"><strong>2 Erhebung personenbezogener Daten<\/strong><\/a><\/li><li><a href=\"http:\/\/web.archive.org\/web\/20210124045902\/http:\/\/fdp-nordenham.de\/datenschutz\/#_Toc512600801\"><strong>3 Weitergabe von Daten<\/strong><\/a><\/li><li><a href=\"http:\/\/web.archive.org\/web\/20210124045902\/http:\/\/fdp-nordenham.de\/datenschutz\/#_Toc512600802\"><strong>4 Cookies<\/strong><\/a><\/li><li><a href=\"http:\/\/web.archive.org\/web\/20210124045902\/http:\/\/fdp-nordenham.de\/datenschutz\/#_Toc512600803\"><strong>5 Webanalyse<\/strong><\/a><\/li><li><strong><a href=\"http:\/\/web.archive.org\/web\/20210124045902\/http:\/\/fdp-nordenham.de\/datenschutz\/#_Toc512600806\">6 Betroffenenrechte<\/a><\/strong><\/li><li><a href=\"http:\/\/web.archive.org\/web\/20210124045902\/http:\/\/fdp-nordenham.de\/datenschutz\/#_Toc512600807\"><strong>7 Widerspruchsrecht<\/strong>&nbsp;<\/a><\/li><li><a href=\"http:\/\/web.archive.org\/web\/20210124045902\/http:\/\/fdp-nordenham.de\/datenschutz\/#_Toc512600808\"><strong>8 Aktualit\u00e4t und \u00c4nderung dieser Datenschutzerkl\u00e4rung<\/strong><\/a><\/li><\/ul>\n\n\n\n<p>Im Folgenden informieren wir Sie \u00fcber die Erhebung personenbezogener Daten bei Nutzung unserer Website www.fdp-wesermarsch.de. Personenbezogene Daten sind alle Daten, die auf Sie pers\u00f6nlich beziehbar sind, z.\u2009B. Name, Adresse, E-Mail-Adressen, Seitenaufrufe.<\/p>\n\n\n\n<h2 class=\"wp-block-heading\"><a><\/a><strong>\u00a7 1 Verantwortlicher, Datenschutzbeauftragter, Auftragsverarbeiter<\/strong><\/h2>\n\n\n\n<p>(1) F\u00fcr die Verarbeitung personenbezogener Daten gem. Art. 4 Ziff. 7 EU-Datenschutz-Grundverordnung (DSGVO) ist Michael Scherf, Tettenser Steg 10, 26954 Nordenham,&nbsp;michael.scherf1@ewe.net verantwortlich.<\/p>\n\n\n\n<p>(2) Den Datenschutzbeauftragten der FDP erreichen Sie unter datenschutz@fdp.de oder unter: Freie Demokratische Partei, Datenschutzbeauftragter, Reinhardtstra\u00dfe 14, 10117 Berlin.<\/p>\n\n\n\n<p>(3) Teilweise bedienen wir uns zur Verarbeitung Ihrer Daten externer Dienstleister. Diese wurden von uns sorgf\u00e4ltig ausgew\u00e4hlt und beauftragt, sind an unsere Weisungen gebunden und werden regelm\u00e4\u00dfig kontrolliert.<\/p>\n\n\n\n<h2 class=\"wp-block-heading\"><a><\/a><strong>\u00a7 2 Erhebung personenbezogener Daten<\/strong><\/h2>\n\n\n\n<p>(1) Beim&nbsp;<strong>Besuch unserer Website<\/strong>, wenn Sie uns nicht anderweitig Informationen \u00fcbermitteln, erheben wir nur die personenbezogenen Daten, die Ihr Browser an unseren Server \u00fcbermittelt. Diese Informationen werden tempor\u00e4r in einem sog. Logfile gespeichert. Folgende Informationen werden dabei ohne Ihr Zutun erfasst und bis zur automatisierten L\u00f6schung gespeichert:<\/p>\n\n\n\n<ul class=\"wp-block-list\"><li>IP-Adresse<\/li><li>Datum und Uhrzeit der Anfrage<\/li><li>Zeitzonendifferenz zur koordinierten Weltzeit (UTC)<\/li><li>vom Webbrowser \u00fcbermittelte Anforderung, bestehend aus Anforderungsmethode (z.B. GET), angeforderter Seite oder Ressource, Protokollversion (z.B. HTTP\/1.1)<\/li><li>Zugriffsstatus\/HTTP-Statuscode (z.B. 404 f\u00fcr \u201eSeite nicht gefunden\u201c)<\/li><li>jeweils \u00fcbertragene Datenmenge<\/li><li>Seite, von der aus die aktuell angezeigte Seite aufgerufen wurde bzw. die Ressource eingebunden wurde (sofern Ihr Webbrowser diese Information \u00fcbermittelt)<\/li><\/ul>\n\n\n\n<p>Browserkennung, bestehend aus Name, Hersteller, Version und Sprache Ihrer Browsersoftware, sowie Betriebssystem und dessen Version (sofern Ihr Webbrowser diese Informationen \u00fcbermittelt)<\/p>\n\n\n\n<p>Die genannten Daten werden zu dem Zweck erhoben, Ihnen unsere Website anzuzeigen sowie Stabilit\u00e4t und Sicherheit zu gew\u00e4hrleisten. Rechtsgrundlage ist Art. 6 Abs. 1 Buchst. f DSGVO. Unser berechtigtes Interesse folgt aus dem erw\u00e4hnten Zweck der Datenerhebung.<\/p>\n\n\n\n<p>Au\u00dferdem setzen wir Cookies sowie Analysedienste ein. N\u00e4here Erl\u00e4uterungen dazu erhalten Sie unter \u00a7 4 und \u00a7 5 dieser Datenschutzerkl\u00e4rung.<\/p>\n\n\n\n<p>(3) Bei der&nbsp;<strong>Nutzung unseres Kontaktformulars<\/strong>&nbsp;werden folgende Informationen \u2013 Ihre Einwilligung vorausgesetzt \u2013 gespeichert:<\/p>\n\n\n\n<ul class=\"wp-block-list\"><li>E-Mail-Adresse<\/li><li>Name<\/li><li>IP-Adresse<\/li><li>Datum und Uhrzeit Zeitpunkte der Anmeldung und Best\u00e4tigung<\/li><\/ul>\n\n\n\n<p>Pflichtangabe f\u00fcr die Nutzung unseres Kontaktformulars ist allein Ihre E-Mail-Adresse. Die Angabe weiterer, gesondert markierter Daten ist freiwillig und wird verwendet, um Sie pers\u00f6nlich ansprechen zu k\u00f6nnen.<\/p>\n\n\n\n<p>Die genannten Daten werden zu dem Zweck erhoben, die Anfrage Ihnen zuzuordnen und diese zu beantworten. Rechtsgrundlage ist Art. 6 Abs. 1 Buchst. a DSGVO.<\/p>\n\n\n\n<p>Die f\u00fcr die Benutzung des Kontaktformulars von uns erhobenen Daten werden nach Erledigung der von Ihnen gestellten Anfrage gel\u00f6scht.<\/p>\n\n\n\n<p>(4) Falls wir f\u00fcr einzelne Funktionen unseres Angebots auf&nbsp;<strong>beauftragte Dienstleister<\/strong>&nbsp;zur\u00fcckgreifen, werden wir Sie untenstehend im Detail \u00fcber die jeweiligen Vorg\u00e4nge informieren. Dabei nennen wir auch die festgelegten Kriterien der Speicherdauer.<\/p>\n\n\n\n<h2 class=\"wp-block-heading\"><a><\/a><strong>\u00a7 3 Weitergabe von Daten<\/strong><\/h2>\n\n\n\n<p>Eine \u00dcbermittlung personenbezogener Daten an Dritte zu anderen als den folgenden Zwecken findet nicht statt. Wir geben Ihre Daten nur an Dritte weiter, wenn:<\/p>\n\n\n\n<ul class=\"wp-block-list\"><li>Sie gem\u00e4\u00df Art. 6 Abs. 1 Buchst. a DSGVO Ihre ausdr\u00fcckliche Einwilligung dazu erteilt haben,<\/li><li>die Weitergabe gem\u00e4\u00df Art. 6 Abs. 1 Buchst. f DSGVO zur Geltendmachung, Aus\u00fcbung oder Verteidigung von Rechtsanspr\u00fcchen erforderlich ist und kein Grund zur Annahme besteht, dass Sie ein \u00fcberwiegendes schutzw\u00fcrdiges Interesse an der Nichtweitergabe Ihrer Daten haben,<\/li><li>falls f\u00fcr die Weitergabe gem\u00e4\u00df Art. 6 Abs. 1 Buchst. c DSGVO eine gesetzliche Verpflichtung besteht.<\/li><\/ul>\n\n\n\n<h2 class=\"wp-block-heading\"><a><\/a><strong>\u00a7 4 Cookies<\/strong><\/h2>\n\n\n\n<p>(1) Zus\u00e4tzlich zu den in \u00a7 2 Abs 1 dieser Datenschutzerkl\u00e4rung genannten Daten werden bei Ihrer Nutzung unserer Website Cookies auf Ihrem Rechner gespeichert. Hierbei handelt es sich um kleine Dateien, die Ihr Browser automatisch erstellt und die auf Ihrem Endger\u00e4t (Laptop, Tablet, Smartphone o.\u00e4.) gespeichert werden, wenn Sie unsere Seite besuchen. In dem Cookie werden Informationen abgelegt, die sich jeweils im Zusammenhang mit dem spezifisch eingesetzten Endger\u00e4t ergeben. Dies bedeutet jedoch nicht, dass wir dadurch unmittelbar Kenntnis von Ihrer Identit\u00e4t erhalten. Cookies k\u00f6nnen zudem keine Programme ausf\u00fchren oder Viren auf Ihren Computer \u00fcbertragen. Sie dienen dazu, das Internetangebot insgesamt nutzerfreundlicher und effektiver zu machen.<\/p>\n\n\n\n<p>(2) Diese Website nutzt folgende Arten von Cookies:<\/p>\n\n\n\n<ul class=\"wp-block-list\"><li>Transiente Cookies: Transiente Cookies werden automatisiert gel\u00f6scht, wenn Sie den Browser schlie\u00dfen. Dazu z\u00e4hlen insbesondere die Session-Cookies. Diese speichern eine sogenannte Session-ID, mit welcher sich verschiedene Anfragen Ihres Browsers der gemeinsamen Sitzung zuordnen lassen. Dadurch kann Ihr Rechner wiedererkannt werden, wenn Sie auf unsere Website zur\u00fcckkehren.<\/li><li>Persistente Cookies: Persistente Cookies werden automatisiert nach einer vorgegebenen Dauer gel\u00f6scht, die sich je nach Cookie unterscheiden kann. Derartige Cookies setzen wir ein, um die Nutzung unserer Website statistisch zu erfassen und um unser Angebot zu optimieren. Dabei erm\u00f6glichen uns die Cookies, bei einem erneuten Besuch unserer Seite automatisch zu erkennen, dass Sie bereits bei uns waren.<\/li><\/ul>\n\n\n\n<p>Sie k\u00f6nnen Ihre Browser-Einstellung entsprechend Ihren W\u00fcnschen konfigurieren und z.\u2009B. die Annahme von Third-Party-Cookies oder allen Cookies ablehnen. Wir weisen Sie darauf hin, dass Sie eventuell nicht alle Funktionen dieser Website nutzen k\u00f6nnen.<\/p>\n\n\n\n<p>Die durch Cookies verarbeiteten Daten sind f\u00fcr die genannten Zwecke zur Wahrung unserer berechtigten Interessen sowie der Dritter nach Art. 6 Abs. 1 Buchst. f DSGVO erforderlich.<\/p>\n\n\n\n<h2 class=\"wp-block-heading\"><a><\/a><strong>\u00a7 5 Webanalyse<\/strong><\/h2>\n\n\n\n<p>(1) Einsatz von&nbsp;<strong>Google Analytics<\/strong>:<\/p>\n\n\n\n<ol class=\"wp-block-list\"><li>Wir nutzen auf unserer Website Google Analytics, einen Webanalysedienst der Google Inc. (\u201eGoogle\u201c). Google Analytics verwendet Cookies (s. \u00a7 4 dieser Datenschutzerkl\u00e4rung), die auf Ihrem Computer gespeichert werden und die eine Analyse der Benutzung unserer Website durch Sie erm\u00f6glichen. Die durch den Cookie erzeugten Informationen \u00fcber Ihre Benutzung unserer Website wie<\/li><\/ol>\n\n\n\n<ul class=\"wp-block-list\"><li>IP-Adresse<\/li><li>Datum und Uhrzeit der Anfrage<\/li><li>Website, von der die Anforderung kommt<\/li><li>Browser<\/li><li>Betriebssystem<\/li><\/ul>\n\n\n\n<p>werden in der Regel an einen Server von Google in den USA \u00fcbertragen und dort gespeichert. Wir verwenden Google Analytics mit der Erweiterung \u201e_anonymizeIp()\u201c; damit wird Ihre IP-Adresse von Google noch innerhalb von Mitgliedstaaten der Europ\u00e4ischen Union oder in anderen Vertragsstaaten des Abkommens \u00fcber den Europ\u00e4ischen Wirtschaftsraum zuvor gek\u00fcrzt. Nur in Ausnahmef\u00e4llen wird die volle IP-Adresse an einen Server von Google in den USA \u00fcbertragen und dort gek\u00fcrzt. In unserem Auftrag wird Google diese Informationen benutzen, um Ihre Nutzung der Website auszuwerten, um Reports \u00fcber die Website-Aktivit\u00e4ten zusammenzustellen und um weitere mit der Website-Nutzung und der Internetnutzung verbundene Dienstleistungen gegen\u00fcber dem Website-Betreiber zu erbringen.<\/p>\n\n\n\n<ol class=\"wp-block-list\"><li>Die im Rahmen von Google Analytics von Ihrem Browser \u00fcbermittelte IP-Adresse wird nicht mit anderen Daten von Google zusammengef\u00fchrt.<\/li><li>Sie k\u00f6nnen die Speicherung der Cookies durch eine entsprechende Einstellung Ihrer Browser-Software verhindern; wir weisen Sie jedoch darauf hin, dass Sie in diesem Fall gegebenenfalls nicht s\u00e4mtliche Funktionen dieser Website vollumf\u00e4nglich werden nutzen k\u00f6nnen. Sie k\u00f6nnen dar\u00fcber hinaus die Erfassung der durch das Cookie erzeugten und auf Ihre Nutzung der Website bezogenen Daten (inkl. Ihrer IP-Adresse) an Google sowie die Verarbeitung dieser Daten durch Google verhindern, indem sie das unter dem folgenden Link verf\u00fcgbare Browser-Plug-in herunterladen und installieren:&nbsp;<a href=\"http:\/\/web.archive.org\/web\/20210124045902\/http:\/\/tools.google.com\/dlpage\/gaoptout?hl=de\">http:\/\/tools.google.com\/dlpage\/gaoptout?hl=de<\/a>.<\/li><li>Wir nutzen Google Analytics, um die Nutzung unserer Website analysieren und regelm\u00e4\u00dfig verbessern zu k\u00f6nnen. \u00dcber die gewonnenen Statistiken k\u00f6nnen wir unser Angebot verbessern und f\u00fcr Sie als Nutzer interessanter ausgestalten. F\u00fcr die Ausnahmef\u00e4lle, in denen personenbezogene Daten in die USA \u00fcbertragen werden, hat sich Google dem EU-US Privacy Shield unterworfen,&nbsp;<a href=\"http:\/\/web.archive.org\/web\/20210124045902\/https:\/\/www.privacyshield.gov\/EU-US-Framework\">https:\/\/www.privacyshield.gov\/EU-US-Framework<\/a>. Rechtsgrundlage f\u00fcr die Nutzung von Google Analytics ist Art. 6 Abs. 1 Buchst. f DS-GVO.<\/li><li>Informationen des Drittanbieters: Google Dublin, Google Ireland Ltd., Gordon House, Barrow Street, Dublin 4, Ireland, Fax: +353 (1) 436\u20091001. Nutzerbedingungen:&nbsp;<a href=\"http:\/\/web.archive.org\/web\/20210124045902\/http:\/\/www.google.com\/analytics\/terms\/de.html\">http:\/\/www.google.com\/analytics\/terms\/de.html<\/a>, \u00dcbersicht zum Datenschutz:&nbsp;<a href=\"http:\/\/web.archive.org\/web\/20210124045902\/http:\/\/www.google.com\/intl\/de\/analytics\/learn\/privacy.html\">http:\/\/www.google.com\/intl\/de\/analytics\/learn\/privacy.html<\/a>, sowie die Datenschutzerkl\u00e4rung:&nbsp;<a href=\"http:\/\/web.archive.org\/web\/20210124045902\/http:\/\/www.google.de\/intl\/de\/policies\/privacy\">http:\/\/www.google.de\/intl\/de\/policies\/privacy<\/a><\/li><\/ol>\n\n\n\n<h2 class=\"wp-block-heading\"><a><\/a><strong>\u00a7 6 Betroffenenrechte<\/strong><\/h2>\n\n\n\n<p>(1) Sie haben gegen\u00fcber uns folgende Rechte hinsichtlich der Sie betreffenden personenbezogenen Daten:<\/p>\n\n\n\n<ul class=\"wp-block-list\"><li>Recht auf Auskunft (Art. 15 DSGVO)<\/li><li>Recht auf Berichtigung (Art. 16 DSGVO)<\/li><li>Recht auf L\u00f6schung (Art. 17 DSGVO)<\/li><li>Recht auf Einschr\u00e4nkung der Verarbeitung (Art. 18 DSGVO)<\/li><li>Recht auf Daten\u00fcbertragbarkeit (Art. 20 DSGVO)<\/li><\/ul>\n\n\n\n<p>(2) Sie haben zudem das Recht,<\/p>\n\n\n\n<ul class=\"wp-block-list\"><li>Ihre einmal erteilte Einwilligung jederzeit gegen\u00fcber uns zu widerrufen (Art. 7 Abs. 3 DSGVO). Dies hat zur Folge, dass wir die Datenverarbeitung, die auf dieser Einwilligung beruhte, f\u00fcr die Zukunft nicht mehr fortf\u00fchren d\u00fcrfen, sowie<\/li><li>sich bei der zust\u00e4ndigen Aufsichtsbeh\u00f6rde zu beschweren (Art. 77 DSGVO). Zust\u00e4ndige Aufsichtsbeh\u00f6rde ist der Landesdatenschutz Niedersachsen, Barbara Thiel, Prinzenstra\u00dfe 5, 30159 Hannover, Telefon: 05 11\/120-45 00, Telefax: 05 11\/120-45 99, E-Mail: poststelle@lfd.niedersachsen.de.<\/li><\/ul>\n\n\n\n<h2 class=\"wp-block-heading\"><a><\/a><strong>\u00a7 7 Widerspruchsrecht<\/strong><\/h2>\n\n\n\n<p>(1) Soweit wir die Verarbeitung Ihrer personenbezogenen Daten auf die Wahrnehmung berechtigter Interessen st\u00fctzen (Art. 6 Abs. 1 Buchst. f DSGVO), k\u00f6nnen Sie&nbsp;Widerspruch&nbsp;gegen die Verarbeitung einlegen. Bei Aus\u00fcbung eines solchen Widerspruchs bitten wir um Darlegung der Gr\u00fcnde, weshalb wir Ihre personenbezogenen Daten nicht wie von uns durchgef\u00fchrt verarbeiten sollten. Im Falle Ihres begr\u00fcndeten Widerspruchs pr\u00fcfen wir die Sachlage und werden entweder die Datenverarbeitung einstellen bzw. anpassen oder Ihnen unsere zwingenden schutzw\u00fcrdigen Gr\u00fcnde aufzeigen, aufgrund derer wir die Verarbeitung fortf\u00fchren.<\/p>\n\n\n\n<p>(2) Selbstverst\u00e4ndlich k\u00f6nnen Sie der Verarbeitung Ihrer personenbezogenen Daten f\u00fcr Zwecke der Werbung und Datenanalyse jederzeit widersprechen.<\/p>\n\n\n\n<p>(3) \u00dcber Ihren Widerspruch k\u00f6nnen Sie uns unter folgenden Kontaktdaten informieren:&nbsp;Michael Scherf, Tettenser Steg 10, 26954 Nordenham, michael.scherf1@ewe.net<a><\/a><\/p>\n\n\n\n<h2 class=\"wp-block-heading\"><strong>\u00a7 8 Aktualit\u00e4t und \u00c4nderung dieser Datenschutzerkl\u00e4rung<\/strong><\/h2>\n\n\n\n<p>Diese Datenschutzerkl\u00e4rung ist aktuell g\u00fcltig und hat den Stand Mai 2018.<\/p>\n\n\n\n<p>Durch die Weiterentwicklung unserer Website und unserer dar\u00fcber zur Verf\u00fcgung gestellten Angebote oder aufgrund ge\u00e4nderter gesetzlicher beziehungsweise beh\u00f6rdlicher Vorgaben kann es notwendig werden, diese Datenschutzerkl\u00e4rung zu \u00e4ndern.<\/p>\n\n\n\n<p>Die jeweils aktuelle Datenschutzerkl\u00e4rung k\u00f6nnen Sie jederzeit auf unserer Website unter www.fdp-nordenham.de\/datenschutz abrufen und ausdrucken.<\/p>\n","protected":false},"excerpt":{"rendered":"<p>Datenschutzerkl\u00e4rung 1 Verantwortlicher, Datenschutzbeauftragter, Auftragsverarbeiter&nbsp; 2 Erhebung personenbezogener Daten 3 Weitergabe von Daten 4 Cookies 5 Webanalyse 6 Betroffenenrechte 7 Widerspruchsrecht&nbsp; 8 Aktualit\u00e4t und \u00c4nderung dieser Datenschutzerkl\u00e4rung Im Folgenden informieren wir Sie \u00fcber die Erhebung personenbezogener Daten bei Nutzung unserer Website www.fdp-wesermarsch.de. Personenbezogene Daten sind alle Daten, die auf Sie pers\u00f6nlich beziehbar sind, z.\u2009B. Name, [&hellip;]<\/p>\n","protected":false},"author":1,"featured_media":0,"parent":0,"menu_order":0,"comment_status":"closed","ping_status":"closed","template":"","meta":{"footnotes":""},"class_list":["post-496","page","type-page","status-publish","hentry"],"_links":{"self":[{"href":"https:\/\/fdp-nordenham.de\/index.php\/wp-json\/wp\/v2\/pages\/496","targetHints":{"allow":["GET"]}}],"collection":[{"href":"https:\/\/fdp-nordenham.de\/index.php\/wp-json\/wp\/v2\/pages"}],"about":[{"href":"https:\/\/fdp-nordenham.de\/index.php\/wp-json\/wp\/v2\/types\/page"}],"author":[{"embeddable":true,"href":"https:\/\/fdp-nordenham.de\/index.php\/wp-json\/wp\/v2\/users\/1"}],"replies":[{"embeddable":true,"href":"https:\/\/fdp-nordenham.de\/index.php\/wp-json\/wp\/v2\/comments?post=496"}],"version-history":[{"count":1,"href":"https:\/\/fdp-nordenham.de\/index.php\/wp-json\/wp\/v2\/pages\/496\/revisions"}],"predecessor-version":[{"id":497,"href":"https:\/\/fdp-nordenham.de\/index.php\/wp-json\/wp\/v2\/pages\/496\/revisions\/497"}],"wp:attachment":[{"href":"https:\/\/fdp-nordenham.de\/index.php\/wp-json\/wp\/v2\/media?parent=496"}],"curies":[{"name":"wp","href":"https:\/\/api.w.org\/{rel}","templated":true}]}}